{"id":12,"date":"2018-02-15T08:31:57","date_gmt":"2018-02-15T07:31:57","guid":{"rendered":"http:\/\/g-werbe.net\/marc-bertram\/?page_id=12"},"modified":"2023-02-18T13:28:40","modified_gmt":"2023-02-18T12:28:40","slug":"art-leasing","status":"publish","type":"page","link":"https:\/\/www.marc-bertram.de\/Skulpturen\/art-leasing\/","title":{"rendered":"Art Leasing"},"content":{"rendered":"<div class=\"mbcontent\">\n<p><span style=\"color: #999999;\">Nun, meine Arbeiten haben Ihnen offensichtlich gut gefallen!<\/span><br \/>\n<span style=\"color: #999999;\">Nat\u00fcrlich k\u00f6nnen Sie die Skulpturen und Objekte auch erwerben.Sowohl in Ihren privaten Wohnzimmern, als auch in Foyers und Gesch\u00e4ftsr\u00e4umen k\u00f6nnen Sie sich an bleibenden Werten stets erfreuen. Steinskulpturen sind schon von der Besonderheit des Werkstoffs edle Unikate.<\/span><\/p>\n<p><span style=\"color: #999999;\">Wenn Sie sich nicht gleich eine gro\u00dfe Skulptur leisten wollen, so k\u00f6nnen Sie auch die M\u00f6glichkeit des Kunst-Mietkaufs nutzen. Sie r\u00e4umen sich w\u00e4hrend der Mietdauer automatisch einen Vorkaufsrecht ein, sind aber nicht an einen Kauf gebunden und haben somit die M\u00f6glichkeit sich entweder g\u00fcnstig an mehreren Skulpturen gleichzeitig zu erfreuen oder sich durch wechselnde Exponate mehr Abwechslung in Ihr Leben zu bringen. &#8218;Rent a sculpture&#8216; erfreut sich besonders bei Firmen immer gr\u00f6\u00dfer werdender Beliebtheit. Individuelle Kleinskulpturen z.B. aus Bronze oder Aluminium, die sich thematisch auf Ihr Gesch\u00e4ft beziehen k\u00f6nnten sind au\u00dferordentlich interessante Werbegeschenke mit Stil f\u00fcr Ihre besten Gesch\u00e4ftspartner. Die Limitierung der Auflage und damit den Wert legen Sie selbst fest.<\/span><\/p>\n<p><span style=\"color: #999999;\">Vom kleinen Sch\u00fcsselanh\u00e4nger bis zur Tischskulptur gibt es unz\u00e4hlige M\u00f6glichkeiten wie Sie sich und Ihre Firma pr\u00e4sentieren k\u00f6nnen.Haben Sie in Ihrer Firma schon einmal im Rahmen eines Jubil\u00e4ums oder einer Betriebsfeier an eine k\u00fcnstlerische Auflockerung durch eine Ausstellung mit Exponaten verschiedener K\u00fcnstler gedacht und haben doch den Aufwand gescheut? Ich \u00fcbernehme f\u00fcr Sie gern die Ausstellungsorganisation, von der Auswahl der K\u00fcnstler bis hin zum Abtransport der Werke zur\u00fcck in die Ateliers der K\u00fcnstler. Die klassische Idee des Mosaiks als zweidimensionale Darstellungsform habe ich aufgegriffen und in die Gestaltung ausgefallenen Interieurs eingebunden. Auf diese Weise kann ich Ihnen nach Ihren Vorstellungen und W\u00fcnschen z.B. Tische, Wandverkleidungen oder Bodenbel\u00e4ge anfertigen. Mosaike fasse ich Ihnen entweder in Holz oder in schlichtes absolut wetterbest\u00e4ndiges Edelstahl.<\/span><\/p>\n<\/div>\n<p>&nbsp;<\/p>\n","protected":false},"excerpt":{"rendered":"<p>Nun, meine Arbeiten haben Ihnen offensichtlich gut gefallen! Nat\u00fcrlich k\u00f6nnen  [&#8230;]<\/p>\n","protected":false},"author":4,"featured_media":0,"parent":0,"menu_order":0,"comment_status":"closed","ping_status":"closed","template":"","meta":{"footnotes":""},"class_list":["post-12","page","type-page","status-publish","hentry"],"_links":{"self":[{"href":"https:\/\/www.marc-bertram.de\/Skulpturen\/wp-json\/wp\/v2\/pages\/12","targetHints":{"allow":["GET"]}}],"collection":[{"href":"https:\/\/www.marc-bertram.de\/Skulpturen\/wp-json\/wp\/v2\/pages"}],"about":[{"href":"https:\/\/www.marc-bertram.de\/Skulpturen\/wp-json\/wp\/v2\/types\/page"}],"author":[{"embeddable":true,"href":"https:\/\/www.marc-bertram.de\/Skulpturen\/wp-json\/wp\/v2\/users\/4"}],"replies":[{"embeddable":true,"href":"https:\/\/www.marc-bertram.de\/Skulpturen\/wp-json\/wp\/v2\/comments?post=12"}],"version-history":[{"count":29,"href":"https:\/\/www.marc-bertram.de\/Skulpturen\/wp-json\/wp\/v2\/pages\/12\/revisions"}],"predecessor-version":[{"id":4879,"href":"https:\/\/www.marc-bertram.de\/Skulpturen\/wp-json\/wp\/v2\/pages\/12\/revisions\/4879"}],"wp:attachment":[{"href":"https:\/\/www.marc-bertram.de\/Skulpturen\/wp-json\/wp\/v2\/media?parent=12"}],"curies":[{"name":"wp","href":"https:\/\/api.w.org\/{rel}","templated":true}]}}